{"id":2356,"date":"2025-08-04T11:24:59","date_gmt":"2025-08-04T11:24:59","guid":{"rendered":"https:\/\/hersport.rs\/?page_id=2356"},"modified":"2025-08-04T11:52:09","modified_gmt":"2025-08-04T11:52:09","slug":"serbia","status":"publish","type":"page","link":"https:\/\/hersport.rs\/?page_id=2356","title":{"rendered":"Serbia"},"content":{"rendered":"        <div class=\"rttpg-block-postgrid rttpg-block-wrapper rttpg-block-754307 tpg-wrapper-align-left tpg-filter-type-dropdown pagination-visibility-show section-title-style-style1 img_hover_animation_default title-default title_position_default title_hover_border_default meta_position_default tpg-is-author-icon-default author-image-visibility-icon tpg-category-position-default readmore-btn-default-style grid-hover-overlay-type-always grid-hover-overlay-height-default hover-overlay-height-default tpg-title-border-default filter-nex-prev-btn-visible tpg-cat-style1 slider-scroll-hide act-label-style-inline\">\n            <div class=\"rt-container-fluid rt-tpg-container tpg-el-main-wrapper tpg-gutenberg clearfix grid-layout1-main\"\n                 id=\"rt-tpg-container-3844687595\"\n                 data-layout=\"grid-layout1\"\n                 data-grid-style=\"tpg-even\" data-sc-id=\"elementor\"\n                 data-el-settings=''\n                 data-el-query=''\n                 data-el-path=''>\n\t\t\t\t                <div class='tpg-header-wrapper '>\n\t\t\t\t\t                <\/div>\n\n                <div class=\"rt-row rt-content-loader gutenberg-inner grid-layout1 grid-behaviour tpg-even grid_layout_wrapper\">\n\t\t\t\t\t\n<div class=\"rt-col-md-4 rt-col-sm-6 rt-col-xs-12 default rt-grid-item post-2548 post type-post status-publish format-standard has-post-thumbnail hentry category-serbia\"\t\tdata-id=\"2548\">\n\t<div class=\"rt-holder tpg-post-holder\">\n\t\t<div class=\"rt-detail rt-el-content-wrapper\">\n\t\t\t\t\t\t\t<div class=\"rt-img-holder tpg-el-image-wrap has-thumbnail\">\n\t\t\t\t\t<a data-id=\"2548\" href=\"https:\/\/hersport.rs\/?p=2548\" class=\"tpg-post-link\" target=\"_self\">                        <img loading=\"lazy\" decoding=\"async\" src=\"https:\/\/hersport.rs\/wp-content\/uploads\/2026\/01\/Screenshot-2026-01-02-1907151.png\"\n                             class=\"rt-img-responsive\"\n                             width=\"744\"\n                             height=\"534\"\n                             alt=\"Napredak projekta\">\n\t\t\t\t\t\t\n\t\t\t\t\t\t\t\n\t\t<\/a>\n\t\t        <div class=\"overlay grid-hover-content\"><\/div>\n\t\t\t\t\t\t<\/div>\n\t\t\t\n\t\t\t<div class=\"entry-title-wrapper\"><h3 class=\"entry-title\"><a data-id=\"2548\" href=\"https:\/\/hersport.rs\/?p=2548\" class=\"tpg-post-link\" target=\"_self\">Napredak projekta<\/a><\/h3><\/div>\n\t\t\t\n\t\t\t\t\t\t\t<div class=\"tpg-excerpt tpg-el-excerpt\">\n\t\t\t\t\t\t\t\t\t\t\t<div class=\"tpg-excerpt-inner\">\n\t\t\t\t\t\t\tInstagram reels sadr\u017eaj A post shared by Her Sport (@hersport.erasmus)&#8230;\t\t\t\t\t\t<\/div>\n\t\t\t\t\t\t\t\t\t\t\t\t\t\t<\/div>\n\t\t\t\t\t\t<\/div>\n\t<\/div>\n<\/div>\n<div class=\"rt-col-md-4 rt-col-sm-6 rt-col-xs-12 default rt-grid-item post-2494 post type-post status-publish format-standard has-post-thumbnail hentry category-serbia\"\t\tdata-id=\"2494\">\n\t<div class=\"rt-holder tpg-post-holder\">\n\t\t<div class=\"rt-detail rt-el-content-wrapper\">\n\t\t\t\t\t\t\t<div class=\"rt-img-holder tpg-el-image-wrap has-thumbnail\">\n\t\t\t\t\t<a data-id=\"2494\" href=\"https:\/\/hersport.rs\/?p=2494\" class=\"tpg-post-link\" target=\"_self\">                        <img loading=\"lazy\" decoding=\"async\" src=\"https:\/\/hersport.rs\/wp-content\/uploads\/2025\/09\/111111111111-1-e1757106765507.png\"\n                             class=\"rt-img-responsive\"\n                             width=\"768\"\n                             height=\"576\"\n                             alt=\"HER SPORT metodologija\">\n\t\t\t\t\t\t\n\t\t\t\t\t\t\t\n\t\t<\/a>\n\t\t        <div class=\"overlay grid-hover-content\"><\/div>\n\t\t\t\t\t\t<\/div>\n\t\t\t\n\t\t\t<div class=\"entry-title-wrapper\"><h3 class=\"entry-title\"><a data-id=\"2494\" href=\"https:\/\/hersport.rs\/?p=2494\" class=\"tpg-post-link\" target=\"_self\">HER SPORT metodologija<\/a><\/h3><\/div>\n\t\t\t\n\t\t\t\t\t\t\t<div class=\"tpg-excerpt tpg-el-excerpt\">\n\t\t\t\t\t\t\t\t\t\t\t<div class=\"tpg-excerpt-inner\">\n\t\t\t\t\t\t\tPremo\u0161\u0107ivanje jaza: jednake mogucnosti za devoj\u010dice u sportu &#8211; NJEN SPORT SMERNICE O&#8230;\t\t\t\t\t\t<\/div>\n\t\t\t\t\t\t\t\t\t\t\t\t\t\t<\/div>\n\t\t\t\t\t\t<\/div>\n\t<\/div>\n<\/div>\n<div class=\"rt-col-md-4 rt-col-sm-6 rt-col-xs-12 default rt-grid-item post-2104 post type-post status-publish format-standard has-post-thumbnail hentry category-country category-news category-serbia\"\t\tdata-id=\"2104\">\n\t<div class=\"rt-holder tpg-post-holder\">\n\t\t<div class=\"rt-detail rt-el-content-wrapper\">\n\t\t\t\t\t\t\t<div class=\"rt-img-holder tpg-el-image-wrap has-thumbnail\">\n\t\t\t\t\t<a data-id=\"2104\" href=\"https:\/\/hersport.rs\/?p=2104\" class=\"tpg-post-link\" target=\"_self\">                        <img loading=\"lazy\" decoding=\"async\" src=\"https:\/\/hersport.rs\/wp-content\/uploads\/2025\/06\/WhatsApp-Image-2025-06-01-at-10.26.38-768x576.jpeg\"\n                             class=\"rt-img-responsive\"\n                             width=\"768\"\n                             height=\"576\"\n                             alt=\"Report from the Partner Meeting within the HER SPORT Project\">\n\t\t\t\t\t\t\n\t\t\t\t\t\t\t\n\t\t<\/a>\n\t\t        <div class=\"overlay grid-hover-content\"><\/div>\n\t\t\t\t\t\t<\/div>\n\t\t\t\n\t\t\t<div class=\"entry-title-wrapper\"><h3 class=\"entry-title\"><a data-id=\"2104\" href=\"https:\/\/hersport.rs\/?p=2104\" class=\"tpg-post-link\" target=\"_self\">Report from the Partner Meeting<\/a><\/h3><\/div>\n\t\t\t\n\t\t\t\t\t\t\t<div class=\"tpg-excerpt tpg-el-excerpt\">\n\t\t\t\t\t\t\t\t\t\t\t<div class=\"tpg-excerpt-inner\">\n\t\t\t\t\t\t\tVolos, Greece | May 29\u201331, 2025 From May 29 to 31, 2025, a partner meeting was held in Volos&#8230;\t\t\t\t\t\t<\/div>\n\t\t\t\t\t\t\t\t\t\t\t\t\t\t<\/div>\n\t\t\t\t\t\t<\/div>\n\t<\/div>\n<\/div>\n<div class=\"rt-col-md-4 rt-col-sm-6 rt-col-xs-12 default rt-grid-item post-1659 post type-post status-publish format-standard has-post-thumbnail hentry category-country category-news category-serbia\"\t\tdata-id=\"1659\">\n\t<div class=\"rt-holder tpg-post-holder\">\n\t\t<div class=\"rt-detail rt-el-content-wrapper\">\n\t\t\t\t\t\t\t<div class=\"rt-img-holder tpg-el-image-wrap has-thumbnail\">\n\t\t\t\t\t<a data-id=\"1659\" href=\"https:\/\/hersport.rs\/?p=1659\" class=\"tpg-post-link\" target=\"_self\">                        <img loading=\"lazy\" decoding=\"async\" src=\"https:\/\/hersport.rs\/wp-content\/uploads\/2025\/03\/1-768x576.jpg\"\n                             class=\"rt-img-responsive\"\n                             width=\"768\"\n                             height=\"576\"\n                             alt=\"KICK OFF MEETING \u201cHER SPORT\u201d\">\n\t\t\t\t\t\t\n\t\t\t\t\t\t\t\n\t\t<\/a>\n\t\t        <div class=\"overlay grid-hover-content\"><\/div>\n\t\t\t\t\t\t<\/div>\n\t\t\t\n\t\t\t<div class=\"entry-title-wrapper\"><h3 class=\"entry-title\"><a data-id=\"1659\" href=\"https:\/\/hersport.rs\/?p=1659\" class=\"tpg-post-link\" target=\"_self\">KICK OFF MEETING \u201cHER SPORT\u201d<\/a><\/h3><\/div>\n\t\t\t\n\t\t\t\t\t\t\t<div class=\"tpg-excerpt tpg-el-excerpt\">\n\t\t\t\t\t\t\t\t\t\t\t<div class=\"tpg-excerpt-inner\">\n\t\t\t\t\t\t\tBarcelona, Spain | February 16, 2025\u00a0 A partnership meeting for the launch of the project &#8220;Her&#8230;\t\t\t\t\t\t<\/div>\n\t\t\t\t\t\t\t\t\t\t\t\t\t\t<\/div>\n\t\t\t\t\t\t<\/div>\n\t<\/div>\n<\/div>                <\/div>\n\n\t\t\t\t\n            <\/div>\n        <\/div>\n\t\t","protected":false},"excerpt":{"rendered":"","protected":false},"author":1,"featured_media":2396,"parent":0,"menu_order":0,"comment_status":"closed","ping_status":"closed","template":"","meta":{"editor_plus_copied_stylings":"{}","footnotes":""},"class_list":["post-2356","page","type-page","status-publish","has-post-thumbnail","hentry"],"rttpg_featured_image_url":{"full":["https:\/\/hersport.rs\/wp-content\/uploads\/2025\/08\/pexels-photo-18287346-18287346-scaled-e1754307981781.jpg",1100,840,false],"landscape":["https:\/\/hersport.rs\/wp-content\/uploads\/2025\/08\/pexels-photo-18287346-18287346-scaled-e1754307981781.jpg",1100,840,false],"portraits":["https:\/\/hersport.rs\/wp-content\/uploads\/2025\/08\/pexels-photo-18287346-18287346-scaled-e1754307981781.jpg",1100,840,false],"thumbnail":["https:\/\/hersport.rs\/wp-content\/uploads\/2025\/08\/pexels-photo-18287346-18287346-scaled-e1754307981781-150x150.jpg",150,150,true],"medium":["https:\/\/hersport.rs\/wp-content\/uploads\/2025\/08\/pexels-photo-18287346-18287346-scaled-e1754307981781-300x229.jpg",300,229,true],"large":["https:\/\/hersport.rs\/wp-content\/uploads\/2025\/08\/pexels-photo-18287346-18287346-scaled-e1754307981781-1024x782.jpg",1024,782,true],"1536x1536":["https:\/\/hersport.rs\/wp-content\/uploads\/2025\/08\/pexels-photo-18287346-18287346-1024x1536.jpg",1024,1536,true],"2048x2048":["https:\/\/hersport.rs\/wp-content\/uploads\/2025\/08\/pexels-photo-18287346-18287346-1365x2048.jpg",1365,2048,true],"sow-carousel-default":["https:\/\/hersport.rs\/wp-content\/uploads\/2025\/08\/pexels-photo-18287346-18287346-scaled-e1754307981781-272x182.jpg",272,182,true]},"rttpg_author":{"display_name":"admin","author_link":"https:\/\/hersport.rs\/?author=1"},"rttpg_comment":0,"rttpg_category":null,"rttpg_excerpt":null,"_links":{"self":[{"href":"https:\/\/hersport.rs\/index.php?rest_route=\/wp\/v2\/pages\/2356","targetHints":{"allow":["GET"]}}],"collection":[{"href":"https:\/\/hersport.rs\/index.php?rest_route=\/wp\/v2\/pages"}],"about":[{"href":"https:\/\/hersport.rs\/index.php?rest_route=\/wp\/v2\/types\/page"}],"author":[{"embeddable":true,"href":"https:\/\/hersport.rs\/index.php?rest_route=\/wp\/v2\/users\/1"}],"replies":[{"embeddable":true,"href":"https:\/\/hersport.rs\/index.php?rest_route=%2Fwp%2Fv2%2Fcomments&post=2356"}],"version-history":[{"count":7,"href":"https:\/\/hersport.rs\/index.php?rest_route=\/wp\/v2\/pages\/2356\/revisions"}],"predecessor-version":[{"id":2525,"href":"https:\/\/hersport.rs\/index.php?rest_route=\/wp\/v2\/pages\/2356\/revisions\/2525"}],"wp:featuredmedia":[{"embeddable":true,"href":"https:\/\/hersport.rs\/index.php?rest_route=\/wp\/v2\/media\/2396"}],"wp:attachment":[{"href":"https:\/\/hersport.rs\/index.php?rest_route=%2Fwp%2Fv2%2Fmedia&parent=2356"}],"curies":[{"name":"wp","href":"https:\/\/api.w.org\/{rel}","templated":true}]}}